{"id":13816,"date":"2023-06-05T15:59:32","date_gmt":"2023-06-05T13:59:32","guid":{"rendered":"https:\/\/quark.house\/datenschutzerklaerung\/"},"modified":"2025-02-12T11:31:44","modified_gmt":"2025-02-12T10:31:44","slug":"datenschutzerklaerung","status":"publish","type":"page","link":"https:\/\/quark.house\/de\/datenschutzerklaerung\/","title":{"rendered":"Datenschutzerkl\u00e4rung"},"content":{"rendered":"\t\t<div data-elementor-type=\"wp-page\" data-elementor-id=\"13816\" class=\"elementor elementor-13816 elementor-6446\" data-elementor-post-type=\"page\">\n\t\t\t\t\t\t<section class=\"elementor-section elementor-top-section elementor-element elementor-element-e2dd469 elementor-section-boxed elementor-section-height-default elementor-section-height-default\" data-id=\"e2dd469\" data-element_type=\"section\" data-settings=\"{&quot;jet_parallax_layout_list&quot;:[]}\">\n\t\t\t\t\t\t<div class=\"elementor-container elementor-column-gap-default\">\n\t\t\t\t\t<div class=\"elementor-column elementor-col-100 elementor-top-column elementor-element elementor-element-145f7665\" data-id=\"145f7665\" data-element_type=\"column\">\n\t\t\t<div class=\"elementor-widget-wrap elementor-element-populated\">\n\t\t\t\t\t\t<div class=\"elementor-element elementor-element-b411ed2 elementor-widget elementor-widget-heading\" data-id=\"b411ed2\" data-element_type=\"widget\" data-widget_type=\"heading.default\">\n\t\t\t\t<div class=\"elementor-widget-container\">\n\t\t\t\t\t<h2 class=\"elementor-heading-title elementor-size-default\">Datenschutzerkl\u00e4rung<\/h2>\t\t\t\t<\/div>\n\t\t\t\t<\/div>\n\t\t\t\t\t<\/div>\n\t\t<\/div>\n\t\t\t\t\t<\/div>\n\t\t<\/section>\n\t\t\t\t<section class=\"elementor-section elementor-top-section elementor-element elementor-element-2e6d1918 elementor-section-boxed elementor-section-height-default elementor-section-height-default\" data-id=\"2e6d1918\" data-element_type=\"section\" data-settings=\"{&quot;jet_parallax_layout_list&quot;:[]}\">\n\t\t\t\t\t\t<div class=\"elementor-container elementor-column-gap-default\">\n\t\t\t\t\t<div class=\"elementor-column elementor-col-100 elementor-top-column elementor-element elementor-element-3b41fd67\" data-id=\"3b41fd67\" data-element_type=\"column\">\n\t\t\t<div class=\"elementor-widget-wrap elementor-element-populated\">\n\t\t\t\t\t\t<div class=\"elementor-element elementor-element-31322e1f elementor-widget elementor-widget-text-editor\" data-id=\"31322e1f\" data-element_type=\"widget\" data-widget_type=\"text-editor.default\">\n\t\t\t\t<div class=\"elementor-widget-container\">\n\t\t\t\t\t\t\t\t\t<h2>Wer wir sind<\/h2>\n<p>Die Adresse unserer Website lautet: https:\/\/quark.house.<\/p>\n<h2>Kommentare<\/h2>\n<p>Wenn ein Website-Besucher einen Kommentar hinterl\u00e4sst, erfassen wir die im Kommentarformular sichtbaren Daten sowie die IP-Adresse und die Browser-Signatur des Besuchers, um Spam zu erkennen.<\/p>\n<p>Ein anonymisierter String, der auf der Grundlage Ihrer E-Mail-Adresse erstellt wurde (der sogenannte Hash), kann an den Gravatar-Dienst gesendet werden, um zu \u00fcberpr\u00fcfen, ob Sie ihn verwenden. Die Datenschutzerkl\u00e4rung von Gravatar finden Sie hier: https:\/\/automattic.com\/privacy\/. Sobald ein Kommentar genehmigt wurde, ist Ihr Profilbild im Kontext Ihres Kommentars \u00f6ffentlich sichtbar. <\/p>\n<p>finden Sie hier: https:\/\/automattic.com\/privacy\/. Nach Freigabe Ihres Kommentars ist Ihr Profilbild im Rahmen Ihres Kommentars f\u00fcr die \u00d6ffentlichkeit sichtbar.<\/p>\n<h2>Medien<\/h2>\n<p>Wenn Sie ein registrierter Benutzer sind und Bilder auf die Website hochladen, sollten Sie das Hochladen von Bildern mit EXIF-Standort-Tags vermeiden. Besucher der Website k\u00f6nnen die vollst\u00e4ndigen Standortdaten aus den Bildern auf der Website herunterladen und lesen. <\/p>\n<h2>Cookies<\/h2>\n<p>Wenn Sie einen Kommentar auf unserer Website hinterlassen, k\u00f6nnen Sie die M\u00f6glichkeit w\u00e4hlen, Ihren Namen, Ihre E-Mail-Adresse und Ihre Website-Adresse in Cookies zu speichern, wodurch die oben genannten Informationen beim Schreiben von nachfolgenden Kommentaren bequem erg\u00e4nzt werden. Diese Cookies verfallen nach einem Jahr. <\/p>\n<p>Wenn Sie die Login-Seite besuchen, erstellen wir ein tempor\u00e4res Cookie, um zu \u00fcberpr\u00fcfen, ob Ihr Browser Cookies akzeptiert. Dieses Cookie enth\u00e4lt keine personenbezogenen Daten und wird gel\u00f6scht, wenn Sie Ihren Browser schlie\u00dfen. <\/p>\n<p>Bei der Anmeldung erstellen wir auch mehrere Cookies, die erforderlich sind, um Ihre Anmeldeinformationen und ausgew\u00e4hlten Bildschirmoptionen zu speichern. Login-Cookies verfallen nach zwei Tagen und Bildschirmoptionen nach einem Jahr. Wenn Sie die Option \u201eAngemeldet bleiben\u201c ausw\u00e4hlen, l\u00e4uft der Login nach zwei Wochen ab. Wenn Sie sich von Ihrem Konto abmelden, werden die Login-Cookies gel\u00f6scht.   <\/p>\n<p>Wenn Sie einen Artikel \u00e4ndern oder ver\u00f6ffentlichen, wird ein zus\u00e4tzliches Cookie in Ihrem Browser gespeichert. Dieses Cookie enth\u00e4lt keine personenbezogenen Daten, sondern zeigt lediglich auf die ID des Artikels, den Sie gerade bearbeitet haben. Sie verf\u00e4llt nach 1 Tag.  <\/p>\n<h2>Eingebettete Inhalte von anderen Websites<\/h2>\n<p>Artikel auf dieser Website k\u00f6nnen eingebettete Inhalte enthalten (z. B. Videos, Bilder, Artikel usw.). Eingebettete Inhalte von anderen Websites verhalten sich so, als ob der Nutzer eine bestimmte Website direkt besucht h\u00e4tte. <\/p>\n<p>Websites k\u00f6nnen Informationen \u00fcber Sie sammeln, Cookies verwenden, zus\u00e4tzliche Tracking-Systeme von Drittanbietern einschlie\u00dfen und Ihre Interaktionen mit eingebettetem Material \u00fcberwachen, einschlie\u00dflich der Verfolgung Ihrer Interaktionen mit eingebettetem Material, wenn Sie ein Konto haben und bei dieser Website angemeldet sind.<\/p>\n<h2>Wie lange wir Ihre Daten aufbewahren<\/h2>\n<p>Wenn Sie einen Kommentar hinterlassen, werden dessen Inhalt und Metadaten auf unbestimmte Zeit gespeichert. Dadurch sind wir in der Lage, nachfolgende Kommentare automatisch zu erkennen und zu genehmigen, ohne sie f\u00fcr jede Moderation zu versenden. <\/p>\n<p>F\u00fcr Nutzer, die sich auf unserer Website registriert haben (falls vorhanden), speichern wir auch die im Profil eingegebenen personenbezogenen Daten. Jeder Benutzer kann seine pers\u00f6nlichen Daten jederzeit einsehen, korrigieren oder l\u00f6schen (mit Ausnahme des Benutzernamens, der nicht ge\u00e4ndert werden kann). Site-Administratoren k\u00f6nnen diese Informationen auch anzeigen und \u00e4ndern.  <\/p>\n<h2>Welche Rechte Sie an Ihren Daten haben<\/h2>\n<p>Wenn Sie ein Benutzerkonto haben oder Kommentare auf dieser Website hinterlassen haben, k\u00f6nnen Sie eine Datei mit dem exportierten Satz Ihrer personenbezogenen Daten in unserem Besitz anfordern, einschlie\u00dflich aller von Ihnen bereitgestellten personenbezogenen Daten. Sie k\u00f6nnen auch verlangen, dass wir alle Ihre personenbezogenen Daten, die sich in unserem Besitz befinden, l\u00f6schen. Dies gilt nicht f\u00fcr Daten, zu deren Aufbewahrung wir aus administrativen, rechtlichen oder sicherheitstechnischen Gr\u00fcnden verpflichtet sind.  <\/p>\n<h2>Wohin wir Daten senden<\/h2>\n<p>G\u00e4stekommentare k\u00f6nnen mit einem automatisierten Spam-Erkennungsdienst \u00fcberpr\u00fcft werden.<\/p>\n\t\t\t\t\t\t\t\t<\/div>\n\t\t\t\t<\/div>\n\t\t\t\t\t<\/div>\n\t\t<\/div>\n\t\t\t\t\t<\/div>\n\t\t<\/section>\n\t\t\t\t<\/div>\n\t\t","protected":false},"excerpt":{"rendered":"<p>Datenschutzerkl\u00e4rung Wer wir sind Die Adresse unserer Website lautet: https:\/\/quark.house. Kommentare Wenn ein Website-Besucher einen Kommentar hinterl\u00e4sst, erfassen wir die im Kommentarformular sichtbaren Daten sowie die IP-Adresse und die Browser-Signatur des Besuchers, um Spam zu erkennen. Ein anonymisierter String, der auf der Grundlage Ihrer E-Mail-Adresse erstellt wurde (der sogenannte Hash), kann an den Gravatar-Dienst gesendet [&hellip;]<\/p>\n","protected":false},"author":6,"featured_media":0,"parent":0,"menu_order":7,"comment_status":"closed","ping_status":"closed","template":"","meta":{"_acf_changed":false,"footnotes":""},"class_list":["post-13816","page","type-page","status-publish","hentry"],"acf":[],"yoast_head":"<!-- This site is optimized with the Yoast SEO plugin v26.3 - https:\/\/yoast.com\/wordpress\/plugins\/seo\/ -->\n<title>Datenschutzerkl\u00e4rung - Bitcoin Exchange-Netzwerk Quark<\/title>\n<meta name=\"robots\" content=\"noindex, follow\" \/>\n<meta property=\"og:locale\" content=\"de_DE\" \/>\n<meta property=\"og:type\" content=\"article\" \/>\n<meta property=\"og:title\" content=\"Datenschutzerkl\u00e4rung - Bitcoin Exchange-Netzwerk Quark\" \/>\n<meta property=\"og:description\" content=\"Datenschutzerkl\u00e4rung Wer wir sind Die Adresse unserer Website lautet: https:\/\/quark.house. Kommentare Wenn ein Website-Besucher einen Kommentar hinterl\u00e4sst, erfassen wir die im Kommentarformular sichtbaren Daten sowie die IP-Adresse und die Browser-Signatur des Besuchers, um Spam zu erkennen. Ein anonymisierter String, der auf der Grundlage Ihrer E-Mail-Adresse erstellt wurde (der sogenannte Hash), kann an den Gravatar-Dienst gesendet [&hellip;]\" \/>\n<meta property=\"og:url\" content=\"https:\/\/quark.house\/de\/datenschutzerklaerung\/\" \/>\n<meta property=\"og:site_name\" content=\"Bitcoin Exchange-Netzwerk Quark\" \/>\n<meta property=\"article:modified_time\" content=\"2025-02-12T10:31:44+00:00\" \/>\n<meta name=\"twitter:card\" content=\"summary_large_image\" \/>\n<meta name=\"twitter:label1\" content=\"Gesch\u00e4tzte Lesezeit\" \/>\n\t<meta name=\"twitter:data1\" content=\"3\u00a0Minuten\" \/>\n<script type=\"application\/ld+json\" class=\"yoast-schema-graph\">{\"@context\":\"https:\/\/schema.org\",\"@graph\":[{\"@type\":\"WebPage\",\"@id\":\"https:\/\/quark.house\/de\/datenschutzerklaerung\/\",\"url\":\"https:\/\/quark.house\/de\/datenschutzerklaerung\/\",\"name\":\"Datenschutzerkl\u00e4rung - Bitcoin Exchange-Netzwerk Quark\",\"isPartOf\":{\"@id\":\"https:\/\/quark.house\/#website\"},\"datePublished\":\"2023-06-05T13:59:32+00:00\",\"dateModified\":\"2025-02-12T10:31:44+00:00\",\"breadcrumb\":{\"@id\":\"https:\/\/quark.house\/de\/datenschutzerklaerung\/#breadcrumb\"},\"inLanguage\":\"de\",\"potentialAction\":[{\"@type\":\"ReadAction\",\"target\":[\"https:\/\/quark.house\/de\/datenschutzerklaerung\/\"]}]},{\"@type\":\"BreadcrumbList\",\"@id\":\"https:\/\/quark.house\/de\/datenschutzerklaerung\/#breadcrumb\",\"itemListElement\":[{\"@type\":\"ListItem\",\"position\":1,\"name\":\"Quark\",\"item\":\"https:\/\/quark.house\/\"},{\"@type\":\"ListItem\",\"position\":2,\"name\":\"Datenschutzerkl\u00e4rung\"}]},{\"@type\":\"WebSite\",\"@id\":\"https:\/\/quark.house\/#website\",\"url\":\"https:\/\/quark.house\/\",\"name\":\"Bitcoin Exchange-Netzwerk Quark\",\"description\":\"Kantory kryptowalutowe BTC USDT ETH LTC\",\"publisher\":{\"@id\":\"https:\/\/quark.house\/#organization\"},\"potentialAction\":[{\"@type\":\"SearchAction\",\"target\":{\"@type\":\"EntryPoint\",\"urlTemplate\":\"https:\/\/quark.house\/?s={search_term_string}\"},\"query-input\":{\"@type\":\"PropertyValueSpecification\",\"valueRequired\":true,\"valueName\":\"search_term_string\"}}],\"inLanguage\":\"de\"},{\"@type\":\"Organization\",\"@id\":\"https:\/\/quark.house\/#organization\",\"name\":\"Bitcoin Exchange-Netzwerk Quark\",\"url\":\"https:\/\/quark.house\/\",\"logo\":{\"@type\":\"ImageObject\",\"inLanguage\":\"de\",\"@id\":\"https:\/\/quark.house\/#\/schema\/logo\/image\/\",\"url\":\"https:\/\/quark.house\/wp-content\/uploads\/2023\/06\/logo-Quark.svg\",\"contentUrl\":\"https:\/\/quark.house\/wp-content\/uploads\/2023\/06\/logo-Quark.svg\",\"width\":194,\"height\":59,\"caption\":\"Bitcoin Exchange-Netzwerk Quark\"},\"image\":{\"@id\":\"https:\/\/quark.house\/#\/schema\/logo\/image\/\"}}]}<\/script>\n<!-- \/ Yoast SEO plugin. -->","yoast_head_json":{"title":"Datenschutzerkl\u00e4rung - Bitcoin Exchange-Netzwerk Quark","robots":{"index":"noindex","follow":"follow"},"og_locale":"de_DE","og_type":"article","og_title":"Datenschutzerkl\u00e4rung - Bitcoin Exchange-Netzwerk Quark","og_description":"Datenschutzerkl\u00e4rung Wer wir sind Die Adresse unserer Website lautet: https:\/\/quark.house. Kommentare Wenn ein Website-Besucher einen Kommentar hinterl\u00e4sst, erfassen wir die im Kommentarformular sichtbaren Daten sowie die IP-Adresse und die Browser-Signatur des Besuchers, um Spam zu erkennen. Ein anonymisierter String, der auf der Grundlage Ihrer E-Mail-Adresse erstellt wurde (der sogenannte Hash), kann an den Gravatar-Dienst gesendet [&hellip;]","og_url":"https:\/\/quark.house\/de\/datenschutzerklaerung\/","og_site_name":"Bitcoin Exchange-Netzwerk Quark","article_modified_time":"2025-02-12T10:31:44+00:00","twitter_card":"summary_large_image","twitter_misc":{"Gesch\u00e4tzte Lesezeit":"3\u00a0Minuten"},"schema":{"@context":"https:\/\/schema.org","@graph":[{"@type":"WebPage","@id":"https:\/\/quark.house\/de\/datenschutzerklaerung\/","url":"https:\/\/quark.house\/de\/datenschutzerklaerung\/","name":"Datenschutzerkl\u00e4rung - Bitcoin Exchange-Netzwerk Quark","isPartOf":{"@id":"https:\/\/quark.house\/#website"},"datePublished":"2023-06-05T13:59:32+00:00","dateModified":"2025-02-12T10:31:44+00:00","breadcrumb":{"@id":"https:\/\/quark.house\/de\/datenschutzerklaerung\/#breadcrumb"},"inLanguage":"de","potentialAction":[{"@type":"ReadAction","target":["https:\/\/quark.house\/de\/datenschutzerklaerung\/"]}]},{"@type":"BreadcrumbList","@id":"https:\/\/quark.house\/de\/datenschutzerklaerung\/#breadcrumb","itemListElement":[{"@type":"ListItem","position":1,"name":"Quark","item":"https:\/\/quark.house\/"},{"@type":"ListItem","position":2,"name":"Datenschutzerkl\u00e4rung"}]},{"@type":"WebSite","@id":"https:\/\/quark.house\/#website","url":"https:\/\/quark.house\/","name":"Bitcoin Exchange-Netzwerk Quark","description":"Kantory kryptowalutowe BTC USDT ETH LTC","publisher":{"@id":"https:\/\/quark.house\/#organization"},"potentialAction":[{"@type":"SearchAction","target":{"@type":"EntryPoint","urlTemplate":"https:\/\/quark.house\/?s={search_term_string}"},"query-input":{"@type":"PropertyValueSpecification","valueRequired":true,"valueName":"search_term_string"}}],"inLanguage":"de"},{"@type":"Organization","@id":"https:\/\/quark.house\/#organization","name":"Bitcoin Exchange-Netzwerk Quark","url":"https:\/\/quark.house\/","logo":{"@type":"ImageObject","inLanguage":"de","@id":"https:\/\/quark.house\/#\/schema\/logo\/image\/","url":"https:\/\/quark.house\/wp-content\/uploads\/2023\/06\/logo-Quark.svg","contentUrl":"https:\/\/quark.house\/wp-content\/uploads\/2023\/06\/logo-Quark.svg","width":194,"height":59,"caption":"Bitcoin Exchange-Netzwerk Quark"},"image":{"@id":"https:\/\/quark.house\/#\/schema\/logo\/image\/"}}]}},"_links":{"self":[{"href":"https:\/\/quark.house\/de\/wp-json\/wp\/v2\/pages\/13816","targetHints":{"allow":["GET"]}}],"collection":[{"href":"https:\/\/quark.house\/de\/wp-json\/wp\/v2\/pages"}],"about":[{"href":"https:\/\/quark.house\/de\/wp-json\/wp\/v2\/types\/page"}],"author":[{"embeddable":true,"href":"https:\/\/quark.house\/de\/wp-json\/wp\/v2\/users\/6"}],"replies":[{"embeddable":true,"href":"https:\/\/quark.house\/de\/wp-json\/wp\/v2\/comments?post=13816"}],"version-history":[{"count":3,"href":"https:\/\/quark.house\/de\/wp-json\/wp\/v2\/pages\/13816\/revisions"}],"predecessor-version":[{"id":13819,"href":"https:\/\/quark.house\/de\/wp-json\/wp\/v2\/pages\/13816\/revisions\/13819"}],"wp:attachment":[{"href":"https:\/\/quark.house\/de\/wp-json\/wp\/v2\/media?parent=13816"}],"curies":[{"name":"wp","href":"https:\/\/api.w.org\/{rel}","templated":true}]}}