{"id":14583,"date":"2023-06-05T15:59:26","date_gmt":"2023-06-05T13:59:26","guid":{"rendered":"https:\/\/quark.house\/?page_id=14583"},"modified":"2025-04-24T09:07:59","modified_gmt":"2025-04-24T07:07:59","slug":"blog","status":"publish","type":"page","link":"https:\/\/quark.house\/de\/blog\/","title":{"rendered":"Blog"},"content":{"rendered":"\t\t<div data-elementor-type=\"wp-page\" data-elementor-id=\"14583\" class=\"elementor elementor-14583 elementor-6402\" data-elementor-post-type=\"page\">\n\t\t\t\t\t\t<section class=\"elementor-section elementor-top-section elementor-element elementor-element-5f73331c elementor-section-boxed elementor-section-height-default elementor-section-height-default\" data-id=\"5f73331c\" data-element_type=\"section\" data-settings=\"{&quot;jet_parallax_layout_list&quot;:[]}\">\n\t\t\t\t\t\t<div class=\"elementor-container elementor-column-gap-default\">\n\t\t\t\t\t<div class=\"elementor-column elementor-col-100 elementor-top-column elementor-element elementor-element-acf48e8\" data-id=\"acf48e8\" data-element_type=\"column\" data-settings=\"{&quot;background_background&quot;:&quot;classic&quot;}\">\n\t\t\t<div class=\"elementor-widget-wrap elementor-element-populated\">\n\t\t\t\t\t\t<div class=\"elementor-element elementor-element-e078fc7 elementor-widget elementor-widget-heading\" data-id=\"e078fc7\" data-element_type=\"widget\" data-widget_type=\"heading.default\">\n\t\t\t\t<div class=\"elementor-widget-container\">\n\t\t\t\t\t<h2 class=\"elementor-heading-title elementor-size-default\">Wissen und Zeitgeschehen<\/h2>\t\t\t\t<\/div>\n\t\t\t\t<\/div>\n\t\t\t\t<div class=\"elementor-element elementor-element-94f1ba5 elementor-widget elementor-widget-text-editor\" data-id=\"94f1ba5\" data-element_type=\"widget\" data-widget_type=\"text-editor.default\">\n\t\t\t\t<div class=\"elementor-widget-container\">\n\t\t\t\t\t\t\t\t\t<p>Unsere Experten teilen ihr Wissen und ihre umfangreiche Erfahrung auf dem Gebiet der Kryptow\u00e4hrungen und der Blockchain-Technologie. Wir haben Leitf\u00e4den mit praktischen Informationen und Analysen zu relevanten Kryptow\u00e4hrungsthemen in einem zug\u00e4nglichen Artikelformat entwickelt, um Ihr Wissen \u00fcber die Welt der Kryptow\u00e4hrungen auf dem neuesten Stand zu halten.<\/p>\t\t\t\t\t\t\t\t<\/div>\n\t\t\t\t<\/div>\n\t\t\t\t\t<\/div>\n\t\t<\/div>\n\t\t\t\t\t<\/div>\n\t\t<\/section>\n\t\t\t\t<section class=\"elementor-section elementor-top-section elementor-element elementor-element-372272fa elementor-section-full_width elementor-section-height-min-height quark-image-section elementor-section-height-default elementor-section-items-middle\" data-id=\"372272fa\" data-element_type=\"section\" data-settings=\"{&quot;jet_parallax_layout_list&quot;:[]}\">\n\t\t\t\t\t\t<div class=\"elementor-container elementor-column-gap-default\">\n\t\t\t\t\t<div class=\"elementor-column elementor-col-100 elementor-top-column elementor-element elementor-element-4866b31e\" data-id=\"4866b31e\" data-element_type=\"column\">\n\t\t\t<div class=\"elementor-widget-wrap elementor-element-populated\">\n\t\t\t\t\t\t<div class=\"elementor-element elementor-element-6c8c55cf elementor-widget elementor-widget-image\" data-id=\"6c8c55cf\" data-element_type=\"widget\" data-widget_type=\"image.default\">\n\t\t\t\t<div class=\"elementor-widget-container\">\n\t\t\t\t\t\t\t\t\t\t\t\t\t\t\t<img fetchpriority=\"high\" decoding=\"async\" width=\"1920\" height=\"720\" src=\"https:\/\/quark.house\/wp-content\/uploads\/2023\/06\/quark-bitcoin-blog.jpg\" class=\"attachment-full size-full wp-image-6403\" alt=\"\" srcset=\"https:\/\/quark.house\/wp-content\/uploads\/2023\/06\/quark-bitcoin-blog.jpg 1920w, https:\/\/quark.house\/wp-content\/uploads\/2023\/06\/quark-bitcoin-blog-300x113.jpg 300w, https:\/\/quark.house\/wp-content\/uploads\/2023\/06\/quark-bitcoin-blog-1024x384.jpg 1024w, https:\/\/quark.house\/wp-content\/uploads\/2023\/06\/quark-bitcoin-blog-768x288.jpg 768w, https:\/\/quark.house\/wp-content\/uploads\/2023\/06\/quark-bitcoin-blog-1536x576.jpg 1536w\" sizes=\"(max-width: 1920px) 100vw, 1920px\" \/>\t\t\t\t\t\t\t\t\t\t\t\t\t\t\t<\/div>\n\t\t\t\t<\/div>\n\t\t\t\t\t<\/div>\n\t\t<\/div>\n\t\t\t\t\t<\/div>\n\t\t<\/section>\n\t\t\t\t<section class=\"elementor-section elementor-top-section elementor-element elementor-element-526e9017 elementor-section-boxed elementor-section-height-default elementor-section-height-default\" data-id=\"526e9017\" data-element_type=\"section\" data-settings=\"{&quot;jet_parallax_layout_list&quot;:[]}\">\n\t\t\t\t\t\t\t<div class=\"elementor-background-overlay\"><\/div>\n\t\t\t\t\t\t\t<div class=\"elementor-container elementor-column-gap-default\">\n\t\t\t\t\t<div class=\"elementor-column elementor-col-100 elementor-top-column elementor-element elementor-element-20c92bd2\" data-id=\"20c92bd2\" data-element_type=\"column\" data-settings=\"{&quot;background_background&quot;:&quot;classic&quot;}\">\n\t\t\t<div class=\"elementor-widget-wrap elementor-element-populated\">\n\t\t\t\t\t\t<div class=\"elementor-element elementor-element-8b1fde8 elementor-grid-1 elementor-grid-tablet-2 elementor-grid-mobile-1 elementor-widget elementor-widget-loop-grid\" data-id=\"8b1fde8\" data-element_type=\"widget\" data-settings=\"{&quot;template_id&quot;:14645,&quot;columns&quot;:1,&quot;pagination_type&quot;:&quot;load_more_infinite_scroll&quot;,&quot;row_gap&quot;:{&quot;unit&quot;:&quot;px&quot;,&quot;size&quot;:0,&quot;sizes&quot;:[]},&quot;_skin&quot;:&quot;post&quot;,&quot;columns_tablet&quot;:&quot;2&quot;,&quot;columns_mobile&quot;:&quot;1&quot;,&quot;edit_handle_selector&quot;:&quot;[data-elementor-type=\\&quot;loop-item\\&quot;]&quot;,&quot;load_more_spinner&quot;:{&quot;value&quot;:&quot;fas fa-spinner&quot;,&quot;library&quot;:&quot;fa-solid&quot;},&quot;row_gap_laptop&quot;:{&quot;unit&quot;:&quot;px&quot;,&quot;size&quot;:&quot;&quot;,&quot;sizes&quot;:[]},&quot;row_gap_tablet&quot;:{&quot;unit&quot;:&quot;px&quot;,&quot;size&quot;:&quot;&quot;,&quot;sizes&quot;:[]},&quot;row_gap_mobile&quot;:{&quot;unit&quot;:&quot;px&quot;,&quot;size&quot;:&quot;&quot;,&quot;sizes&quot;:[]}}\" data-widget_type=\"loop-grid.post\">\n\t\t\t\t<div class=\"elementor-widget-container\">\n\t\t\t\t\t\t\t<div class=\"elementor-loop-container elementor-grid\" role=\"list\">\n\t\t<style id=\"loop-14645\">.elementor-14645 .elementor-element.elementor-element-0333178{margin-top:0px;margin-bottom:0px;padding:40px 0px 40px 0px;}.elementor-14645 .elementor-element.elementor-element-47dd0d3 > .elementor-element-populated{margin:0px 0px 0px 0px;--e-column-margin-right:0px;--e-column-margin-left:0px;padding:0px 0px 0px 0px;}.elementor-widget-image .widget-image-caption{color:var( --e-global-color-text );font-family:var( --e-global-typography-text-font-family ), Sans-serif;font-weight:var( --e-global-typography-text-font-weight );}.elementor-14645 .elementor-element.elementor-element-dc334e7 > .elementor-widget-wrap > .elementor-widget:not(.elementor-widget__width-auto):not(.elementor-widget__width-initial):not(:last-child):not(.elementor-absolute){margin-bottom:30px;}.elementor-14645 .elementor-element.elementor-element-dc334e7 > .elementor-element-populated{margin:0px 0px 0px 0px;--e-column-margin-right:0px;--e-column-margin-left:0px;padding:0px 0px 0px 30px;}.elementor-widget-heading .elementor-heading-title{font-family:var( --e-global-typography-primary-font-family ), Sans-serif;font-weight:var( --e-global-typography-primary-font-weight );color:var( --e-global-color-primary );}.elementor-14645 .elementor-element.elementor-element-afca41a .elementor-heading-title{font-family:\"Ubuntu\", Sans-serif;font-size:28px;font-weight:500;color:var( --e-global-color-secondary );}.elementor-widget-text-editor{font-family:var( --e-global-typography-text-font-family ), Sans-serif;font-weight:var( --e-global-typography-text-font-weight );color:var( --e-global-color-text );}.elementor-widget-text-editor.elementor-drop-cap-view-stacked .elementor-drop-cap{background-color:var( --e-global-color-primary );}.elementor-widget-text-editor.elementor-drop-cap-view-framed .elementor-drop-cap, .elementor-widget-text-editor.elementor-drop-cap-view-default .elementor-drop-cap{color:var( --e-global-color-primary );border-color:var( --e-global-color-primary );}.elementor-widget-button .elementor-button{background-color:var( --e-global-color-accent );font-family:var( --e-global-typography-accent-font-family ), Sans-serif;font-weight:var( --e-global-typography-accent-font-weight );}.elementor-14645 .elementor-element.elementor-element-dd36369 .elementor-button{background-color:#E7EBEF0A;font-family:\"Ubuntu\", Sans-serif;font-size:16px;font-weight:400;text-transform:none;text-decoration:underline;text-shadow:0px 0px 14px rgba(0, 0, 0, 0);fill:#F05A22;color:#F05A22;border-radius:0px 0px 0px 0px;padding:0px 0px 0px 0px;}.elementor-14645 .elementor-element.elementor-element-dd36369{width:auto;max-width:auto;}.elementor-14645 .elementor-element.elementor-element-dd36369 .elementor-button-content-wrapper{flex-direction:row-reverse;}.elementor-14645 .elementor-element.elementor-element-dd36369 .elementor-button .elementor-button-content-wrapper{gap:15px;}.elementor-14645 .elementor-element.elementor-element-819c84c{width:auto;max-width:auto;bottom:0px;text-align:right;font-family:\"Ubuntu\", Sans-serif;font-size:14px;font-weight:normal;color:var( --e-global-color-045922c );}.elementor-14645 .elementor-element.elementor-element-819c84c > .elementor-widget-container{margin:0px 0px 0px 0px;padding:4px 4px 4px 4px;border-style:solid;border-width:1px 1px 1px 1px;border-color:var( --e-global-color-045922c );}body:not(.rtl) .elementor-14645 .elementor-element.elementor-element-819c84c{right:0px;}body.rtl .elementor-14645 .elementor-element.elementor-element-819c84c{left:0px;}@media(min-width:768px){.elementor-14645 .elementor-element.elementor-element-47dd0d3{width:30%;}.elementor-14645 .elementor-element.elementor-element-dc334e7{width:70%;}}@media(max-width:1024px) and (min-width:768px){.elementor-14645 .elementor-element.elementor-element-47dd0d3{width:100%;}.elementor-14645 .elementor-element.elementor-element-dc334e7{width:100%;}}@media(max-width:1024px){.elementor-14645 .elementor-element.elementor-element-0333178{margin-top:0px;margin-bottom:0px;}.elementor-14645 .elementor-element.elementor-element-dc334e7 > .elementor-element-populated{margin:30px 0px 0px 0px;--e-column-margin-right:0px;--e-column-margin-left:0px;padding:0px 0px 0px 0px;}.elementor-14645 .elementor-element.elementor-element-afca41a .elementor-heading-title{line-height:1.3em;}body:not(.rtl) .elementor-14645 .elementor-element.elementor-element-819c84c{right:0px;}body.rtl .elementor-14645 .elementor-element.elementor-element-819c84c{left:0px;}}@media(max-width:767px){.elementor-14645 .elementor-element.elementor-element-a2bc63c img{height:180px;object-fit:cover;}.elementor-14645 .elementor-element.elementor-element-dc334e7 > .elementor-element-populated{padding:0px 20px 0px 20px;}body:not(.rtl) .elementor-14645 .elementor-element.elementor-element-819c84c{right:20px;}body.rtl .elementor-14645 .elementor-element.elementor-element-819c84c{left:20px;}}\/* Start custom CSS for text-editor, class: .elementor-element-819c84c *\/.elementor-14645 .elementor-element.elementor-element-819c84c {\n    right: 0;\n}\/* End custom CSS *\/<\/style>\t\t<div data-elementor-type=\"loop-item\" data-elementor-id=\"14645\" class=\"elementor elementor-14645 e-loop-item e-loop-item-14366 post-14366 post type-post status-publish format-standard has-post-thumbnail hentry category-aktualnosci tag-atm tag-bitcoin tag-krypto-wechselstube\" data-elementor-post-type=\"elementor_library\" data-custom-edit-handle=\"1\">\n\t\t\t\t\t<section class=\"elementor-section elementor-top-section elementor-element elementor-element-0333178 quark-loop-blog-item elementor-section-boxed elementor-section-height-default elementor-section-height-default\" data-id=\"0333178\" data-element_type=\"section\" data-settings=\"{&quot;jet_parallax_layout_list&quot;:[]}\">\n\t\t\t\t\t\t<div class=\"elementor-container elementor-column-gap-default\">\n\t\t\t\t\t<div class=\"elementor-column elementor-col-50 elementor-top-column elementor-element elementor-element-47dd0d3\" data-id=\"47dd0d3\" data-element_type=\"column\">\n\t\t\t<div class=\"elementor-widget-wrap elementor-element-populated\">\n\t\t\t\t\t\t<div class=\"elementor-element elementor-element-a2bc63c elementor-widget elementor-widget-image\" data-id=\"a2bc63c\" data-element_type=\"widget\" data-widget_type=\"image.default\">\n\t\t\t\t<div class=\"elementor-widget-container\">\n\t\t\t\t\t\t\t\t\t\t\t\t\t\t\t\t<a href=\"https:\/\/quark.house\/de\/2025\/03\/25\/bitcoin-quark-atm-hat-eine-krypto-wechselstube-in-stettin-eroeffnet\/\">\n\t\t\t\t\t\t\t<img decoding=\"async\" width=\"800\" height=\"450\" src=\"https:\/\/quark.house\/wp-content\/uploads\/2025\/03\/bitcoin-3263691_1280-1024x576.jpg\" class=\"attachment-large size-large wp-image-14367\" alt=\"Bitcoin\" srcset=\"https:\/\/quark.house\/wp-content\/uploads\/2025\/03\/bitcoin-3263691_1280-1024x576.jpg 1024w, https:\/\/quark.house\/wp-content\/uploads\/2025\/03\/bitcoin-3263691_1280-300x169.jpg 300w, https:\/\/quark.house\/wp-content\/uploads\/2025\/03\/bitcoin-3263691_1280-768x432.jpg 768w, https:\/\/quark.house\/wp-content\/uploads\/2025\/03\/bitcoin-3263691_1280.jpg 1280w\" sizes=\"(max-width: 800px) 100vw, 800px\" \/>\t\t\t\t\t\t\t\t<\/a>\n\t\t\t\t\t\t\t\t\t\t\t\t\t\t\t<\/div>\n\t\t\t\t<\/div>\n\t\t\t\t\t<\/div>\n\t\t<\/div>\n\t\t\t\t<div class=\"elementor-column elementor-col-50 elementor-top-column elementor-element elementor-element-dc334e7 quark-blog-col-content\" data-id=\"dc334e7\" data-element_type=\"column\">\n\t\t\t<div class=\"elementor-widget-wrap elementor-element-populated\">\n\t\t\t\t\t\t<div class=\"elementor-element elementor-element-afca41a elementor-widget elementor-widget-heading\" data-id=\"afca41a\" data-element_type=\"widget\" data-widget_type=\"heading.default\">\n\t\t\t\t<div class=\"elementor-widget-container\">\n\t\t\t\t\t<h2 class=\"elementor-heading-title elementor-size-default\"><a href=\"https:\/\/quark.house\/de\/2025\/03\/25\/bitcoin-quark-atm-hat-eine-krypto-wechselstube-in-stettin-eroeffnet\/\">Bitcoin Quark ATM hat eine Krypto-Wechselstube in Stettin er\u00f6ffnet!<\/a><\/h2>\t\t\t\t<\/div>\n\t\t\t\t<\/div>\n\t\t\t\t<div class=\"elementor-element elementor-element-38cfbe9 elementor-widget elementor-widget-text-editor\" data-id=\"38cfbe9\" data-element_type=\"widget\" data-widget_type=\"text-editor.default\">\n\t\t\t\t<div class=\"elementor-widget-container\">\n\t\t\t\t\t\t\t\t\tBitcoin Quark hat eine Krypto-Wechselstube in Stettin er\u00f6ffnet! Jetzt k\u00f6nnen Sie bequem und unkompliziert die digitalen Assets erwerben\t\t\t\t\t\t\t\t<\/div>\n\t\t\t\t<\/div>\n\t\t\t\t<div class=\"elementor-element elementor-element-dd36369 elementor-align-left elementor-widget__width-auto elementor-widget elementor-widget-button\" data-id=\"dd36369\" data-element_type=\"widget\" data-widget_type=\"button.default\">\n\t\t\t\t<div class=\"elementor-widget-container\">\n\t\t\t\t\t\t\t\t\t<div class=\"elementor-button-wrapper\">\n\t\t\t\t\t<a class=\"elementor-button elementor-button-link elementor-size-sm\" href=\"https:\/\/quark.house\/de\/2025\/03\/25\/bitcoin-quark-atm-hat-eine-krypto-wechselstube-in-stettin-eroeffnet\/\">\n\t\t\t\t\t\t<span class=\"elementor-button-content-wrapper\">\n\t\t\t\t\t\t<span class=\"elementor-button-icon\">\n\t\t\t\t<i aria-hidden=\"true\" class=\"icon icon-btn-chevron\"><\/i>\t\t\t<\/span>\n\t\t\t\t\t\t\t\t\t<span class=\"elementor-button-text\">Czytaj dalej<\/span>\n\t\t\t\t\t<\/span>\n\t\t\t\t\t<\/a>\n\t\t\t\t<\/div>\n\t\t\t\t\t\t\t\t<\/div>\n\t\t\t\t<\/div>\n\t\t\t\t<div class=\"elementor-element elementor-element-819c84c elementor-widget__width-auto elementor-absolute elementor-widget elementor-widget-text-editor\" data-id=\"819c84c\" data-element_type=\"widget\" data-settings=\"{&quot;_position&quot;:&quot;absolute&quot;}\" data-widget_type=\"text-editor.default\">\n\t\t\t\t<div class=\"elementor-widget-container\">\n\t\t\t\t\t\t\t\t\t25 M\u00e4rz 2025\t\t\t\t\t\t\t\t<\/div>\n\t\t\t\t<\/div>\n\t\t\t\t\t<\/div>\n\t\t<\/div>\n\t\t\t\t\t<\/div>\n\t\t<\/section>\n\t\t\t\t<\/div>\n\t\t\t\t<\/div>\n\t\t\t\t\t<span class=\"e-load-more-spinner\">\n\t\t\t\t<i aria-hidden=\"true\" class=\"fas fa-spinner\"><\/i>\t\t\t<\/span>\n\t\t\n\t\t\t\t\t\t<\/div>\n\t\t\t\t<\/div>\n\t\t\t\t\t<\/div>\n\t\t<\/div>\n\t\t\t\t\t<\/div>\n\t\t<\/section>\n\t\t\t\t<section class=\"elementor-section elementor-top-section elementor-element elementor-element-109a051a elementor-section-full_width elementor-section-height-min-height quark-image-section elementor-section-height-default elementor-section-items-middle\" data-id=\"109a051a\" data-element_type=\"section\" data-settings=\"{&quot;jet_parallax_layout_list&quot;:[]}\">\n\t\t\t\t\t\t<div class=\"elementor-container elementor-column-gap-default\">\n\t\t\t\t\t<div class=\"elementor-column elementor-col-100 elementor-top-column elementor-element elementor-element-55d50235\" data-id=\"55d50235\" data-element_type=\"column\">\n\t\t\t<div class=\"elementor-widget-wrap elementor-element-populated\">\n\t\t\t\t\t\t<div class=\"elementor-element elementor-element-3a24c6ad elementor-widget elementor-widget-image\" data-id=\"3a24c6ad\" data-element_type=\"widget\" data-widget_type=\"image.default\">\n\t\t\t\t<div class=\"elementor-widget-container\">\n\t\t\t\t\t\t\t\t\t\t\t\t\t\t\t<img decoding=\"async\" width=\"800\" height=\"300\" src=\"https:\/\/quark.house\/wp-content\/uploads\/2023\/06\/quark-bitcoin-blog-kantory-1024x384.jpg\" class=\"attachment-large size-large wp-image-6363\" alt=\"\" srcset=\"https:\/\/quark.house\/wp-content\/uploads\/2023\/06\/quark-bitcoin-blog-kantory-1024x384.jpg 1024w, https:\/\/quark.house\/wp-content\/uploads\/2023\/06\/quark-bitcoin-blog-kantory-300x113.jpg 300w, https:\/\/quark.house\/wp-content\/uploads\/2023\/06\/quark-bitcoin-blog-kantory-768x288.jpg 768w, https:\/\/quark.house\/wp-content\/uploads\/2023\/06\/quark-bitcoin-blog-kantory-1536x576.jpg 1536w, https:\/\/quark.house\/wp-content\/uploads\/2023\/06\/quark-bitcoin-blog-kantory.jpg 1920w\" sizes=\"(max-width: 800px) 100vw, 800px\" \/>\t\t\t\t\t\t\t\t\t\t\t\t\t\t\t<\/div>\n\t\t\t\t<\/div>\n\t\t\t\t\t<\/div>\n\t\t<\/div>\n\t\t\t\t\t<\/div>\n\t\t<\/section>\n\t\t\t\t<\/div>\n\t\t","protected":false},"excerpt":{"rendered":"<p>Wissen und Zeitgeschehen Unsere Experten teilen ihr Wissen und ihre umfangreiche Erfahrung auf dem Gebiet der Kryptow\u00e4hrungen und der Blockchain-Technologie. Wir haben Leitf\u00e4den mit praktischen Informationen und Analysen zu relevanten Kryptow\u00e4hrungsthemen in einem zug\u00e4nglichen Artikelformat entwickelt, um Ihr Wissen \u00fcber die Welt der Kryptow\u00e4hrungen auf dem neuesten Stand zu halten.<\/p>\n","protected":false},"author":6,"featured_media":0,"parent":0,"menu_order":1,"comment_status":"closed","ping_status":"closed","template":"","meta":{"_acf_changed":false,"footnotes":""},"class_list":["post-14583","page","type-page","status-publish","hentry"],"acf":[],"yoast_head":"<!-- This site is optimized with the Yoast SEO plugin v26.3 - https:\/\/yoast.com\/wordpress\/plugins\/seo\/ -->\n<title>Blog - Bitcoin Exchange-Netzwerk Quark<\/title>\n<meta name=\"robots\" content=\"index, follow, max-snippet:-1, max-image-preview:large, max-video-preview:-1\" \/>\n<link rel=\"canonical\" href=\"https:\/\/quark.house\/blog\/\" \/>\n<meta property=\"og:locale\" content=\"de_DE\" \/>\n<meta property=\"og:type\" content=\"article\" \/>\n<meta property=\"og:title\" content=\"Blog - Bitcoin Exchange-Netzwerk Quark\" \/>\n<meta property=\"og:description\" content=\"Wissen und Zeitgeschehen Unsere Experten teilen ihr Wissen und ihre umfangreiche Erfahrung auf dem Gebiet der Kryptow\u00e4hrungen und der Blockchain-Technologie. Wir haben Leitf\u00e4den mit praktischen Informationen und Analysen zu relevanten Kryptow\u00e4hrungsthemen in einem zug\u00e4nglichen Artikelformat entwickelt, um Ihr Wissen \u00fcber die Welt der Kryptow\u00e4hrungen auf dem neuesten Stand zu halten.\" \/>\n<meta property=\"og:url\" content=\"https:\/\/quark.house\/blog\/\" \/>\n<meta property=\"og:site_name\" content=\"Bitcoin Exchange-Netzwerk Quark\" \/>\n<meta property=\"article:modified_time\" content=\"2025-04-24T07:07:59+00:00\" \/>\n<meta property=\"og:image\" content=\"https:\/\/quark.house\/wp-content\/uploads\/2023\/06\/quark-bitcoin-blog.jpg\" \/>\n\t<meta property=\"og:image:width\" content=\"1920\" \/>\n\t<meta property=\"og:image:height\" content=\"720\" \/>\n\t<meta property=\"og:image:type\" content=\"image\/jpeg\" \/>\n<meta name=\"twitter:card\" content=\"summary_large_image\" \/>\n<meta name=\"twitter:label1\" content=\"Gesch\u00e4tzte Lesezeit\" \/>\n\t<meta name=\"twitter:data1\" content=\"5\u00a0Minuten\" \/>\n<script type=\"application\/ld+json\" class=\"yoast-schema-graph\">{\"@context\":\"https:\/\/schema.org\",\"@graph\":[{\"@type\":\"WebPage\",\"@id\":\"https:\/\/quark.house\/blog\/\",\"url\":\"https:\/\/quark.house\/blog\/\",\"name\":\"Blog - Bitcoin Exchange-Netzwerk Quark\",\"isPartOf\":{\"@id\":\"https:\/\/quark.house\/#website\"},\"primaryImageOfPage\":{\"@id\":\"https:\/\/quark.house\/blog\/#primaryimage\"},\"image\":{\"@id\":\"https:\/\/quark.house\/blog\/#primaryimage\"},\"thumbnailUrl\":\"https:\/\/quark.house\/wp-content\/uploads\/2023\/06\/quark-bitcoin-blog.jpg\",\"datePublished\":\"2023-06-05T13:59:26+00:00\",\"dateModified\":\"2025-04-24T07:07:59+00:00\",\"breadcrumb\":{\"@id\":\"https:\/\/quark.house\/blog\/#breadcrumb\"},\"inLanguage\":\"de\",\"potentialAction\":[{\"@type\":\"ReadAction\",\"target\":[\"https:\/\/quark.house\/blog\/\"]}]},{\"@type\":\"ImageObject\",\"inLanguage\":\"de\",\"@id\":\"https:\/\/quark.house\/blog\/#primaryimage\",\"url\":\"https:\/\/quark.house\/wp-content\/uploads\/2023\/06\/quark-bitcoin-blog.jpg\",\"contentUrl\":\"https:\/\/quark.house\/wp-content\/uploads\/2023\/06\/quark-bitcoin-blog.jpg\"},{\"@type\":\"BreadcrumbList\",\"@id\":\"https:\/\/quark.house\/blog\/#breadcrumb\",\"itemListElement\":[{\"@type\":\"ListItem\",\"position\":1,\"name\":\"Quark\",\"item\":\"https:\/\/quark.house\/\"},{\"@type\":\"ListItem\",\"position\":2,\"name\":\"Blog\"}]},{\"@type\":\"WebSite\",\"@id\":\"https:\/\/quark.house\/#website\",\"url\":\"https:\/\/quark.house\/\",\"name\":\"Bitcoin Exchange-Netzwerk Quark\",\"description\":\"Kantory kryptowalutowe BTC USDT ETH LTC\",\"publisher\":{\"@id\":\"https:\/\/quark.house\/#organization\"},\"potentialAction\":[{\"@type\":\"SearchAction\",\"target\":{\"@type\":\"EntryPoint\",\"urlTemplate\":\"https:\/\/quark.house\/?s={search_term_string}\"},\"query-input\":{\"@type\":\"PropertyValueSpecification\",\"valueRequired\":true,\"valueName\":\"search_term_string\"}}],\"inLanguage\":\"de\"},{\"@type\":\"Organization\",\"@id\":\"https:\/\/quark.house\/#organization\",\"name\":\"Bitcoin Exchange-Netzwerk Quark\",\"url\":\"https:\/\/quark.house\/\",\"logo\":{\"@type\":\"ImageObject\",\"inLanguage\":\"de\",\"@id\":\"https:\/\/quark.house\/#\/schema\/logo\/image\/\",\"url\":\"https:\/\/quark.house\/wp-content\/uploads\/2023\/06\/logo-Quark.svg\",\"contentUrl\":\"https:\/\/quark.house\/wp-content\/uploads\/2023\/06\/logo-Quark.svg\",\"width\":194,\"height\":59,\"caption\":\"Bitcoin Exchange-Netzwerk Quark\"},\"image\":{\"@id\":\"https:\/\/quark.house\/#\/schema\/logo\/image\/\"}}]}<\/script>\n<!-- \/ Yoast SEO plugin. -->","yoast_head_json":{"title":"Blog - Bitcoin Exchange-Netzwerk Quark","robots":{"index":"index","follow":"follow","max-snippet":"max-snippet:-1","max-image-preview":"max-image-preview:large","max-video-preview":"max-video-preview:-1"},"canonical":"https:\/\/quark.house\/blog\/","og_locale":"de_DE","og_type":"article","og_title":"Blog - Bitcoin Exchange-Netzwerk Quark","og_description":"Wissen und Zeitgeschehen Unsere Experten teilen ihr Wissen und ihre umfangreiche Erfahrung auf dem Gebiet der Kryptow\u00e4hrungen und der Blockchain-Technologie. Wir haben Leitf\u00e4den mit praktischen Informationen und Analysen zu relevanten Kryptow\u00e4hrungsthemen in einem zug\u00e4nglichen Artikelformat entwickelt, um Ihr Wissen \u00fcber die Welt der Kryptow\u00e4hrungen auf dem neuesten Stand zu halten.","og_url":"https:\/\/quark.house\/blog\/","og_site_name":"Bitcoin Exchange-Netzwerk Quark","article_modified_time":"2025-04-24T07:07:59+00:00","og_image":[{"width":1920,"height":720,"url":"https:\/\/quark.house\/wp-content\/uploads\/2023\/06\/quark-bitcoin-blog.jpg","type":"image\/jpeg"}],"twitter_card":"summary_large_image","twitter_misc":{"Gesch\u00e4tzte Lesezeit":"5\u00a0Minuten"},"schema":{"@context":"https:\/\/schema.org","@graph":[{"@type":"WebPage","@id":"https:\/\/quark.house\/blog\/","url":"https:\/\/quark.house\/blog\/","name":"Blog - Bitcoin Exchange-Netzwerk Quark","isPartOf":{"@id":"https:\/\/quark.house\/#website"},"primaryImageOfPage":{"@id":"https:\/\/quark.house\/blog\/#primaryimage"},"image":{"@id":"https:\/\/quark.house\/blog\/#primaryimage"},"thumbnailUrl":"https:\/\/quark.house\/wp-content\/uploads\/2023\/06\/quark-bitcoin-blog.jpg","datePublished":"2023-06-05T13:59:26+00:00","dateModified":"2025-04-24T07:07:59+00:00","breadcrumb":{"@id":"https:\/\/quark.house\/blog\/#breadcrumb"},"inLanguage":"de","potentialAction":[{"@type":"ReadAction","target":["https:\/\/quark.house\/blog\/"]}]},{"@type":"ImageObject","inLanguage":"de","@id":"https:\/\/quark.house\/blog\/#primaryimage","url":"https:\/\/quark.house\/wp-content\/uploads\/2023\/06\/quark-bitcoin-blog.jpg","contentUrl":"https:\/\/quark.house\/wp-content\/uploads\/2023\/06\/quark-bitcoin-blog.jpg"},{"@type":"BreadcrumbList","@id":"https:\/\/quark.house\/blog\/#breadcrumb","itemListElement":[{"@type":"ListItem","position":1,"name":"Quark","item":"https:\/\/quark.house\/"},{"@type":"ListItem","position":2,"name":"Blog"}]},{"@type":"WebSite","@id":"https:\/\/quark.house\/#website","url":"https:\/\/quark.house\/","name":"Bitcoin Exchange-Netzwerk Quark","description":"Kantory kryptowalutowe BTC USDT ETH LTC","publisher":{"@id":"https:\/\/quark.house\/#organization"},"potentialAction":[{"@type":"SearchAction","target":{"@type":"EntryPoint","urlTemplate":"https:\/\/quark.house\/?s={search_term_string}"},"query-input":{"@type":"PropertyValueSpecification","valueRequired":true,"valueName":"search_term_string"}}],"inLanguage":"de"},{"@type":"Organization","@id":"https:\/\/quark.house\/#organization","name":"Bitcoin Exchange-Netzwerk Quark","url":"https:\/\/quark.house\/","logo":{"@type":"ImageObject","inLanguage":"de","@id":"https:\/\/quark.house\/#\/schema\/logo\/image\/","url":"https:\/\/quark.house\/wp-content\/uploads\/2023\/06\/logo-Quark.svg","contentUrl":"https:\/\/quark.house\/wp-content\/uploads\/2023\/06\/logo-Quark.svg","width":194,"height":59,"caption":"Bitcoin Exchange-Netzwerk Quark"},"image":{"@id":"https:\/\/quark.house\/#\/schema\/logo\/image\/"}}]}},"_links":{"self":[{"href":"https:\/\/quark.house\/de\/wp-json\/wp\/v2\/pages\/14583","targetHints":{"allow":["GET"]}}],"collection":[{"href":"https:\/\/quark.house\/de\/wp-json\/wp\/v2\/pages"}],"about":[{"href":"https:\/\/quark.house\/de\/wp-json\/wp\/v2\/types\/page"}],"author":[{"embeddable":true,"href":"https:\/\/quark.house\/de\/wp-json\/wp\/v2\/users\/6"}],"replies":[{"embeddable":true,"href":"https:\/\/quark.house\/de\/wp-json\/wp\/v2\/comments?post=14583"}],"version-history":[{"count":12,"href":"https:\/\/quark.house\/de\/wp-json\/wp\/v2\/pages\/14583\/revisions"}],"predecessor-version":[{"id":14676,"href":"https:\/\/quark.house\/de\/wp-json\/wp\/v2\/pages\/14583\/revisions\/14676"}],"wp:attachment":[{"href":"https:\/\/quark.house\/de\/wp-json\/wp\/v2\/media?parent=14583"}],"curies":[{"name":"wp","href":"https:\/\/api.w.org\/{rel}","templated":true}]}}